{"id":2285,"date":"2019-03-17T18:15:12","date_gmt":"2019-03-17T17:15:12","guid":{"rendered":"\/startseite\/"},"modified":"2021-05-26T13:50:46","modified_gmt":"2021-05-26T11:50:46","slug":"startseite","status":"publish","type":"page","link":"\/sv\/","title":{"rendered":"Skicka paket till Syrien &#8211; Billig Shipping &#038; Frakt"},"content":{"rendered":"\n<p>Du bor i Sverige och vill skicka ett paket till familj eller v\u00e4nner i Syrien eller <strong>skicka ett paket till Syrien<\/strong>. Det finns mycket att t\u00e4nka p\u00e5 h\u00e4r. Export- och tullbest\u00e4mmelserna f\u00f6r fraktpaket har sk\u00e4rpts, en elektronisk tulldeklaration \u00e4r obligatorisk. JUDI POST hj\u00e4lper dig att f\u00e5 allt r\u00e4tt n\u00e4r du skickar paket, paket och st\u00f6rre gods.<\/p>\n\n\n\n<h2 class=\"wp-block-heading\">Med JUDI POST kommer din post till sin destination &#8211; Syrien och Irak<\/h2>\n\n\n\n<p>JUDI POST \u00e4r en alternativ pakettj\u00e4nst som transporterar dina <strong>f\u00f6rs\u00e4ndelser till Syrien<\/strong> och Irak p\u00e5litligt och med god f\u00f6rs\u00e4kring. Vi expanderar och har nu 12 distributionsfilialer inom EU och forts\u00e4tter att expandera logistik och transport. Vi transporterar din gods till Syrien och Irak fr\u00e5n Sverige s\u00e4kert, tillf\u00f6rlitligt och till \u00f6verkomliga priser.<\/p>\n\n\n\n<p>Du packar ditt paket bekv\u00e4mt hemma, v\u00e4ger och m\u00e4ter det och anger uppgifterna i v\u00e5r prisr\u00e4knare. Kostnaden f\u00f6r ditt <strong>paket till Irak<\/strong> eller Syrien kommer att ber\u00e4knas och visas omedelbart. Du kan sedan best\u00e4lla JUDI POST online eller per telefon s\u00e5 h\u00e4mtar vi ditt paket fr\u00e5n dig eller s\u00e5 kan du ta det till posten sj\u00e4lv.<\/p>\n\n\n\n<p>Hos oss kan du skicka paket billigt. Observera att ett paket till Syrien eller Irak kan v\u00e4ga maximalt 31,5 kg. Den maximala vikten avser hela f\u00f6rpackningen inklusive f\u00f6rpackning. Om du vill skicka industriell gods, st\u00f6rre enheter eller skrymmande varor g\u00e4ller olika priser. Har du n\u00e5gra fr\u00e5gor om att skicka paket till Syrien eller Irak? JUDI POST kommer att f\u00f6rse dig med detaljerad och personlig information p\u00e5 telefon eller via e-post.<\/p>\n\n\n\n\t\t<\/div>\n\t\t<div class=\"toolbox infoblock\">\n\t\t\t<div class=\"container\">\n\t\t\n\t\t\t\t<h2 class=\"title\">JUDI POST Accept p\u00e5 f\u00f6ljande platser<\/h2>\n\t\t\t\t<p>Vi arbetar f\u00f6r dig \u00f6ver hela Europa.<\/p>\n\n\t\t\t\n\t\t\t<\/div>\n\t\t<\/div>\n\t\t<div class=\"container\">\n\t\t\n\n\n<h2 class=\"wp-block-heading\">Paket-Versand&nbsp;g\u00fcnstig von Deutschland nach Syrien<\/h2>\n\n\n\n<p>Vi skickar ditt paket utan kompromisser. Vi tar ocks\u00e5 hand om tullbest\u00e4mmelserna och \u00e4r vid din sida med r\u00e5d om du vill skicka ett ganska ovanligt paket. Vi menar inte inneh\u00e5llet utan formul\u00e4ret &#8211; till exempel om du vill skicka skrymmande varor. Bulkvaror \u00e4r alla gods till Syrien vars dimensioner \u00f6verstiger de vanliga paketdimensionerna. Tyngden spelar en underordnad roll.<\/p>\n\n\n\n<p><img wpfc-lazyload-disable=\"true\" decoding=\"async\" loading=\"lazy\" width=\"500\" height=\"286\" class=\"wp-image-1290 float-right\" src=\"\/wp-content\/uploads\/2019\/06\/paket-nach-syrien-versenden.jpg\" alt=\"Paket nach Syrien versenden\" srcset=\"\/wp-content\/uploads\/2019\/06\/paket-nach-syrien-versenden.jpg 500w, \/wp-content\/uploads\/2019\/06\/paket-nach-syrien-versenden-300x172.jpg 300w\" sizes=\"(max-width: 500px) 100vw, 500px\" \/>Paket nach Syrien versendenVill du skicka flera paket till Syrien snabbt och p\u00e5litligt? F\u00f6r en liten extra kostnad h\u00e4mtar vi dina f\u00f6rs\u00e4ndelser fr\u00e5n ditt hem och tar hand om varje <strong>paket till Syrien<\/strong> som om det vore v\u00e5r egen fraktpost. Vi transporterar ocks\u00e5 varje paket s\u00e4kert till Irak till dess destination. V\u00e5ra syriska filialer finns i regionerna Damaskus, Aleppo, Manbij, Kubani, Al-Hasaka, Qamshilu, Dirik, Sri Kani, Darbasiyya, Amouda, Trabsibiya, Jal Agha och Rumailan.<\/p>\n\n\n\n<p>Avs\u00e4ndaren kan skicka s\u00e4ndningen till den centrala JUDI POST-filialen i Tyskland per post. Det finns ocks\u00e5 m\u00f6jlighet att h\u00e4mta paketet fr\u00e5n avs\u00e4ndarens hem.<\/p>\n\n\n\n<p>S\u00e4rskilda priser g\u00e4ller kommersiella varor, industrivaror och bildelar.<\/p>\n\n\n\n<h2 class=\"wp-block-heading\">Skapa en paketetikett f\u00f6r att skicka ett paket till Syrien<\/h2>\n\n\n\n<p>Med v\u00e5r fraktkalkylator kan du skapa ett paketetikett samtidigt om du vill skicka ett paket till Irak eller Syrien. Skriv bara ut det och s\u00e4tt fast det. Dra nytta av de billiga erbjudandena fr\u00e5n JUDI POST och dra nytta av v\u00e5r erfarenhet av post- och pakettransport. Ditt paket till Syrien \u00e4r i goda h\u00e4nder hos oss. Om ett paket skadas eller g\u00e5r f\u00f6rlorat \u00e4r vi dock ansvariga f\u00f6r tre g\u00e5nger priset f\u00f6r fraktkostnaderna. Sj\u00e4lva priserna beror p\u00e5 fraktens storlek och vikt.<\/p>\n\n\n\n<h3 class=\"wp-block-heading\">Post- och paketleverans till krisomr\u00e5den<\/h3>\n\n\n\n<p>Fler och fler utl\u00e4ndska och inhemska medborgare vill hj\u00e4lpa m\u00e4nniskor i krisomr\u00e5den. Om du vill skicka flera paket billigt n\u00e5r du snabbt gr\u00e4nser eller f\u00e5r hinder i v\u00e4gen. Postpaket fr\u00e5n konventionella leverant\u00f6rer (av konkurrenslagstiftningen n\u00e4mner vi inte namn) transporteras ofta alltf\u00f6r dyrt eller accepteras inte alls. JUDI POST skickar allt &#8211; s\u00e4kert, snabbt och p\u00e5litligt.<\/p>\n\n\n\n\t\t<\/div>\n\t\t<div class=\"toolbox infoblock\">\n\t\t\t<div class=\"container\">\n\t\t\n\t\t\t\t<h2 class=\"title\">P\u00e5litlig paketfrakt med JUDI POST<\/h2>\n\t\t\t\t\r\n<div id=\"sb_instagram\"  class=\"sbi sbi_mob_col_1 sbi_tab_col_2 sbi_col_4 sbi_width_resp\" style=\"padding-bottom: 10px;width: 100%;\" data-feedid=\"*1\"  data-res=\"auto\" data-cols=\"4\" data-colsmobile=\"1\" data-colstablet=\"2\" data-num=\"4\" data-nummobile=\"\" data-shortcode-atts=\"{}\"  data-postid=\"2285\" data-locatornonce=\"8011e8648a\" data-sbi-flags=\"favorLocal,gdpr\">\r\n\t\r\n    <div id=\"sbi_images\"  style=\"padding: 5px;\">\r\n\t\t    <\/div>\r\n\r\n\t<div id=\"sbi_load\" >\r\n\r\n\t\r\n\t\r\n<\/div>\r\n\r\n\t    <span class=\"sbi_resized_image_data\" data-feed-id=\"*1\" data-resized=\"[]\">\n\t<\/span>\n\t<\/div>\r\n\r\n<script type=\"text\/javascript\">var sb_instagram_js_options = {\"font_method\":\"svg\",\"placeholder\":\"https:\\\/\\\/judipost.de\\\/wp-content\\\/plugins\\\/instagram-feed\\\/img\\\/placeholder.png\",\"resized_url\":\"https:\\\/\\\/judipost.de\\\/wp-content\\\/uploads\\\/sb-instagram-feed-images\\\/\",\"ajax_url\":\"https:\\\/\\\/judipost.de\\\/wp-admin\\\/admin-ajax.php\"};<\/script><script type='text\/javascript' src='\/wp-content\/plugins\/instagram-feed\/js\/sbi-scripts.min.js?ver=6.1.4'><\/script>\n\n\t\t\t\n\t\t\t<\/div>\n\t\t<\/div>\n\t\t<div class=\"container\">\n\t\t\n\n<div class=\"toolbox benefits\"><h2 class=\"title\">Med JUDI POST har du en f\u00f6rdel<\/h2><p class=\"text-center\">Skicka s\u00e4kert, billigt och p\u00e5litligt till Syrien.<\/p><div class=\"row\"><div class=\"col-lg item\"><div class=\"icon-container\"><img wpfc-lazyload-disable=\"true\" decoding=\"async\" src=\"\/wp-content\/uploads\/2019\/04\/security-on.svg\" alt=\"Haftung ist immer inklusive\" \/><\/div>\n\t\t\t\t\t<div class=\"subtitle\">S\u00e4ker frakt<\/div>\n\t\t\t\t\t<div class=\"subcontent\">Vi ansvarar f\u00f6r tre g\u00e5nger fraktkostnaderna f\u00f6r ditt paket.<\/div>\n\t\t\t\t<\/div><div class=\"col-lg item\"><div class=\"icon-container\"><img wpfc-lazyload-disable=\"true\" decoding=\"async\" src=\"\/wp-content\/uploads\/2019\/04\/network.svg\" alt=\"Judi Post ist immer in deiner N\u00e4he\" \/><\/div>\n\t\t\t\t\t<div class=\"subtitle\">JUDI POST p\u00e5 plats<\/div>\n\t\t\t\t\t<div class=\"subcontent\">JUDI POST \u00e4r representerat i hela Tyskland med 12 filialer.<\/div>\n\t\t\t\t<\/div><div class=\"col-lg item\"><div class=\"icon-container\"><img wpfc-lazyload-disable=\"true\" decoding=\"async\" src=\"\/wp-content\/uploads\/2019\/04\/weight.svg\" alt=\"Hohes Versandgewicht\" \/><\/div>\n\t\t\t\t\t<div class=\"subtitle\">Max leveransvikt 31,5 kg<\/div>\n\t\t\t\t\t<div class=\"subcontent\">Priserna beror p\u00e5 vikt och storlek.<\/div>\n\t\t\t\t<\/div><\/div><\/div>\n\t\t<\/div>\n\t\t<div class=\"toolbox infoblock\">\n\t\t\t<div class=\"container\">\n\t\t\n\t\t\t\t<h2 class=\"title\">Vi arbetar \u00f6ver hela Europa<\/h2>\n\t\t\t\t<figure class=\"wp-block-image size-large p\"><img wpfc-lazyload-disable=\"true\" decoding=\"async\" loading=\"lazy\" width=\"1140\" height=\"470\" src=\"\/wp-content\/uploads\/2019\/12\/judipost-einfach-zugestellt.jpg\" alt=\"Judi Post - helt enkelt levererad\" class=\"wp-image-1604\" srcset=\"\/wp-content\/uploads\/2019\/12\/judipost-einfach-zugestellt.jpg 1140w, \/wp-content\/uploads\/2019\/12\/judipost-einfach-zugestellt-300x124.jpg 300w, \/wp-content\/uploads\/2019\/12\/judipost-einfach-zugestellt-1024x422.jpg 1024w, \/wp-content\/uploads\/2019\/12\/judipost-einfach-zugestellt-768x317.jpg 768w\" sizes=\"(max-width: 1140px) 100vw, 1140px\" \/><\/figure>\n<p>Om v\u00e4gen till v\u00e5r filial \u00e4r f\u00f6r l\u00e5ngt f\u00f6r dig kan du skicka paketet per post.<\/p>\n\n\t\t\t\n\t\t\t\t<p><a href=\"\/paket-versenden\/\" title=\"Vi arbetar \u00f6ver hela Europa\" class=\"btn\">Forts\u00e4tt l\u00e4sa<\/a><\/p>\n\t\t\t\n\t\t\t<\/div>\n\t\t<\/div>\n\t\t<div class=\"container\">\n\t\t\n\n\n<div class=\"text-center\">\n<h3>Frakt till Syrien &#8211; allt att g\u00f6ra med att skicka brev och paket till Syrien<\/h3>\n<p>Att skicka paket till Syrien och Irak v\u00e4cker m\u00e5nga fr\u00e5gor fr\u00e5n intresserade parter. S\u00f6kfr\u00e5gor som &#8221;Skicka paket till Syrien&#8221;, &#8221;Skicka paket till Syrien&#8221;, &#8221;Skicka paket till Syrien&#8221;, &#8221;Frakt till Irak&#8221;, &#8221;Skicka paket till Irak&#8221;, &#8221;Skicka paket till Irak&#8221;, &#8221;Irak Post&#8221;, &#8221;Skicka e-post till Irak&#8221;, &#8221;DHL till Syrien&#8221;, &#8221;Skicka ett brev till Syrien&#8221;, &#8221;Skicka dokument till Syrien&#8221; \u00e4r inte ovanligt. Dessutom letas ofta efter &#8221;post till Irak&#8221; och &#8221;post till Syrien&#8221;. Av den anledningen har vi skapat en FAQ f\u00f6r dig om \u00e4mnet &#8221;Frakt till Syrien och Irak&#8221;. D\u00e4r hittar du detaljerade svar p\u00e5 vanliga fr\u00e5gor.<\/p>\n<\/div>\n\n\n\n\t\t<\/div>\n\t\t<div class=\"toolbox infoblock\">\n\t\t\t<div class=\"container\">\n\t\t\n\t\t\t\t<h2 class=\"title\">5 fakta om JUDI POST<\/h2>\n\t\t\t\t<p><strong>1.<\/strong> JUDI POST \u00e4r specialiserat p\u00e5 leverans av s\u00e4ndningar till krisomr\u00e5den.<\/p>\n<p><strong>2.<\/strong> Namnet JUDI POST best\u00e5r av namnet Mount <strong>Judi<\/strong> och f\u00f6retagets huvudtj\u00e4nst &#8211; <strong>Post <\/strong>.<\/p>\n<p><strong>3.<\/strong> Leveranstiden till Syrien och Irak \u00e4r som regel cirka 3 veckor.<\/p>\n<p><strong>4.<\/strong> JUDI POST har 6 kontor \u00f6ver hela Tyskland.<\/p>\n<p><strong>5.<\/strong> JUDI POST fungerar \u00f6ver hela <a href=\"\/paket-versenden\/\" title=\"Skicka paket med post \u00f6ver hela Europa\">Europa<\/a>.<\/p>\n\n\t\t\t\n\t\t\t<\/div>\n\t\t<\/div>\n\t\t<div class=\"container\">\n\t\t\n\n\n<div class=\"text-center\">\n<h3>Betalningsalternativ<\/h3>\n<p>Vi erbjuder dig olika alternativ f\u00f6r att betala f\u00f6r din leverans.<\/p>\n<br>\n<figure class=\"wp-block-image inline-block\"><img wpfc-lazyload-disable=\"true\" decoding=\"async\" loading=\"lazy\" src=\"\/wp-content\/uploads\/2019\/05\/de-pp_plus-logo-quer_ohne_PUI_540x60px.png\" alt=\"PayPal\" class=\"wp-image-842\" width=\"540\" height=\"60\" srcset=\"\/wp-content\/uploads\/2019\/05\/de-pp_plus-logo-quer_ohne_PUI_540x60px.png 540w, \/wp-content\/uploads\/2019\/05\/de-pp_plus-logo-quer_ohne_PUI_540x60px-300x33.png 300w\" sizes=\"(max-width: 540px) 100vw, 540px\" \/><\/figure><figure class=\"wp-block-image inline-block\"><img wpfc-lazyload-disable=\"true\" decoding=\"async\" loading=\"lazy\" src=\"\/wp-content\/uploads\/2019\/05\/ueberweisung.png\" alt=\"\u00d6verf\u00f6ra\" class=\"wp-image-850\" width=\"166\" height=\"60\"><\/figure>\n<\/div>\n","protected":false},"excerpt":{"rendered":"<p>Du bor i Sverige och vill skicka ett paket till familj eller v\u00e4nner i Syrien eller skicka ett paket till Syrien. Det finns mycket att t\u00e4nka p\u00e5 h\u00e4r. Export- och tullbest\u00e4mmelserna f\u00f6r fraktpaket har sk\u00e4rpts, en elektronisk tulldeklaration \u00e4r obligatorisk. hj\u00e4lper dig att f\u00e5 allt r\u00e4tt n\u00e4r du skickar paket, paket och st\u00f6rre gods. Med [&hellip;]<\/p>\n","protected":false},"author":1,"featured_media":0,"parent":0,"menu_order":2,"comment_status":"closed","ping_status":"closed","template":"","meta":[],"yoast_head":"<!-- This site is optimized with the Yoast SEO plugin v20.7 - https:\/\/yoast.com\/wordpress\/plugins\/seo\/ -->\n<title>Paket nach Syrien versenden<\/title>\n<meta name=\"description\" content=\"Sie m\u00f6chten schnell und g\u00fcnstig Paket nach Syrien senden? Versenden Sie Ihre Pakete mit Judi Post \u2014 Cargo und Paketversand nach Syrien und in den Irak.\" \/>\n<meta name=\"robots\" content=\"index, follow, max-snippet:-1, max-image-preview:large, max-video-preview:-1\" \/>\n<link rel=\"canonical\" href=\"https:\/\/judipost.de\/sv\/\" \/>\n<meta property=\"og:locale\" content=\"sv_SE\" \/>\n<meta property=\"og:type\" content=\"article\" \/>\n<meta property=\"og:title\" content=\"Paket nach Syrien versenden\" \/>\n<meta property=\"og:description\" content=\"Sie m\u00f6chten schnell und g\u00fcnstig Paket nach Syrien senden? Versenden Sie Ihre Pakete mit Judi Post \u2014 Cargo und Paketversand nach Syrien und in den Irak.\" \/>\n<meta property=\"og:url\" content=\"\/sv\/\" \/>\n<meta property=\"og:site_name\" content=\"Judi Post - Paketversand nach Syrien und in den Irak\" \/>\n<meta property=\"article:modified_time\" content=\"2021-05-26T11:50:46+00:00\" \/>\n<meta property=\"og:image\" content=\"https:\/\/judipost.de\/wp-content\/uploads\/2019\/06\/paket-nach-syrien-versenden.jpg\" \/>\n<meta name=\"twitter:card\" content=\"summary_large_image\" \/>\n<meta name=\"twitter:label1\" content=\"Ber\u00e4knad l\u00e4stid\" \/>\n\t<meta name=\"twitter:data1\" content=\"4 minuter\" \/>\n<script type=\"application\/ld+json\" class=\"yoast-schema-graph\">{\"@context\":\"https:\/\/schema.org\",\"@graph\":[{\"@type\":\"WebPage\",\"@id\":\"\/sv\/\",\"url\":\"https:\/\/judipost.de\/sv\/\",\"name\":\"Paket nach Syrien versenden\",\"isPartOf\":{\"@id\":\"https:\/\/judipost.de\/#website\"},\"datePublished\":\"2019-03-17T17:15:12+00:00\",\"dateModified\":\"2021-05-26T11:50:46+00:00\",\"description\":\"Sie m\u00f6chten schnell und g\u00fcnstig Paket nach Syrien senden? Versenden Sie Ihre Pakete mit Judi Post \u2014 Cargo und Paketversand nach Syrien und in den Irak.\",\"breadcrumb\":{\"@id\":\"https:\/\/judipost.de\/sv\/#breadcrumb\"},\"inLanguage\":\"sv-SE\",\"potentialAction\":[{\"@type\":\"ReadAction\",\"target\":[\"https:\/\/judipost.de\/sv\/\"]}]},{\"@type\":\"BreadcrumbList\",\"@id\":\"https:\/\/judipost.de\/sv\/#breadcrumb\",\"itemListElement\":[{\"@type\":\"ListItem\",\"position\":1,\"name\":\"Startseite\",\"item\":\"\/sv\/\"},{\"@type\":\"ListItem\",\"position\":2,\"name\":\"Skicka paket till Syrien &#8211; Billig Shipping &#038; Frakt\"}]},{\"@type\":\"WebSite\",\"@id\":\"https:\/\/judipost.de\/#website\",\"url\":\"https:\/\/judipost.de\/\",\"name\":\"Judi Post - Paketversand nach Syrien und in den Irak\",\"description\":\"Paketversand nach Syrien und in den Irak\",\"potentialAction\":[{\"@type\":\"SearchAction\",\"target\":{\"@type\":\"EntryPoint\",\"urlTemplate\":\"https:\/\/judipost.de\/?s={search_term_string}\"},\"query-input\":\"required name=search_term_string\"}],\"inLanguage\":\"sv-SE\"}]}<\/script>\n<!-- \/ Yoast SEO plugin. -->","yoast_head_json":{"title":"Paket nach Syrien versenden","description":"Sie m\u00f6chten schnell und g\u00fcnstig Paket nach Syrien senden? Versenden Sie Ihre Pakete mit Judi Post \u2014 Cargo und Paketversand nach Syrien und in den Irak.","robots":{"index":"index","follow":"follow","max-snippet":"max-snippet:-1","max-image-preview":"max-image-preview:large","max-video-preview":"max-video-preview:-1"},"canonical":"https:\/\/judipost.de\/sv\/","og_locale":"sv_SE","og_type":"article","og_title":"Paket nach Syrien versenden","og_description":"Sie m\u00f6chten schnell und g\u00fcnstig Paket nach Syrien senden? Versenden Sie Ihre Pakete mit Judi Post \u2014 Cargo und Paketversand nach Syrien und in den Irak.","og_url":"\/sv\/","og_site_name":"Judi Post - Paketversand nach Syrien und in den Irak","article_modified_time":"2021-05-26T11:50:46+00:00","og_image":[{"url":"https:\/\/judipost.de\/wp-content\/uploads\/2019\/06\/paket-nach-syrien-versenden.jpg"}],"twitter_card":"summary_large_image","twitter_misc":{"Ber\u00e4knad l\u00e4stid":"4 minuter"},"schema":{"@context":"https:\/\/schema.org","@graph":[{"@type":"WebPage","@id":"\/sv\/","url":"https:\/\/judipost.de\/sv\/","name":"Paket nach Syrien versenden","isPartOf":{"@id":"https:\/\/judipost.de\/#website"},"datePublished":"2019-03-17T17:15:12+00:00","dateModified":"2021-05-26T11:50:46+00:00","description":"Sie m\u00f6chten schnell und g\u00fcnstig Paket nach Syrien senden? Versenden Sie Ihre Pakete mit Judi Post \u2014 Cargo und Paketversand nach Syrien und in den Irak.","breadcrumb":{"@id":"https:\/\/judipost.de\/sv\/#breadcrumb"},"inLanguage":"sv-SE","potentialAction":[{"@type":"ReadAction","target":["https:\/\/judipost.de\/sv\/"]}]},{"@type":"BreadcrumbList","@id":"https:\/\/judipost.de\/sv\/#breadcrumb","itemListElement":[{"@type":"ListItem","position":1,"name":"Startseite","item":"\/sv\/"},{"@type":"ListItem","position":2,"name":"Skicka paket till Syrien &#8211; Billig Shipping &#038; Frakt"}]},{"@type":"WebSite","@id":"https:\/\/judipost.de\/#website","url":"https:\/\/judipost.de\/","name":"Judi Post - Paketversand nach Syrien und in den Irak","description":"Paketversand nach Syrien und in den Irak","potentialAction":[{"@type":"SearchAction","target":{"@type":"EntryPoint","urlTemplate":"https:\/\/judipost.de\/?s={search_term_string}"},"query-input":"required name=search_term_string"}],"inLanguage":"sv-SE"}]}},"_links":{"self":[{"href":"https:\/\/judipost.de\/sv\/wp-json\/wp\/v2\/pages\/2285\/"}],"collection":[{"href":"https:\/\/judipost.de\/sv\/wp-json\/wp\/v2\/pages\/"}],"about":[{"href":"https:\/\/judipost.de\/sv\/wp-json\/wp\/v2\/types\/page\/"}],"author":[{"embeddable":true,"href":"https:\/\/judipost.de\/sv\/wp-json\/wp\/v2\/users\/1\/"}],"replies":[{"embeddable":true,"href":"https:\/\/judipost.de\/sv\/wp-json\/wp\/v2\/comments\/?post=2285"}],"version-history":[{"count":5,"href":"https:\/\/judipost.de\/sv\/wp-json\/wp\/v2\/pages\/2285\/revisions\/"}],"predecessor-version":[{"id":2363,"href":"https:\/\/judipost.de\/sv\/wp-json\/wp\/v2\/pages\/2285\/revisions\/2363\/"}],"wp:attachment":[{"href":"https:\/\/judipost.de\/sv\/wp-json\/wp\/v2\/media\/?parent=2285"}],"curies":[{"name":"wp","href":"https:\/\/api.w.org\/{rel}","templated":true}]}}